{"id":97,"date":"2022-05-30T06:59:58","date_gmt":"2022-05-30T06:59:58","guid":{"rendered":"https:\/\/isik.ba\/prijava-za-osposobljavanje\/?page_id=97"},"modified":"2025-05-26T18:03:23","modified_gmt":"2025-05-26T18:03:23","slug":"prijave-za-seminar-zatvorene","status":"publish","type":"page","link":"http:\/\/isik.ba\/prijava-za-osposobljavanje\/","title":{"rendered":"Prijave za seminar zatvorene"},"content":{"rendered":"<p><strong>Po\u0161tovani,<\/strong><\/p>\n<p>Prijave za majski \u201cProgram stru\u010dnog usavr\u0161avanja 2025\u201d za instruktore vo\u017enje i licencirane predava\u010de i ispitiva\u010de zatvorene su u <strong>ponedjeljak, 26.05.2025., u 16:00 sat<\/strong>i.<\/p>\n<p>Seminar stru\u010dnog usavr\u0161avanja za instruktore vo\u017enje i licencirane predava\u010de i ispitiva\u010de \u0107e se odr\u017eati u <strong>srijedu, 28.05.2025. godine sa po\u010detkom u 09.00 sati u Hotelu Hollywood, <\/strong>ulica Dr. Mustafe Pintola 23, Ilid\u017ea.<\/p>\n<p><strong>Srda\u010dni pozdravi,<\/strong><br \/>\n<strong>Va\u0161 ISIK<\/strong><\/p>\n","protected":false},"excerpt":{"rendered":"<p>Po\u0161tovani, Prijave za majski \u201cProgram stru\u010dnog usavr\u0161avanja 2025\u201d za instruktore vo\u017enje i licencirane predava\u010de i ispitiva\u010de&#46;&#46;&#46;<\/p>\n","protected":false},"author":1,"featured_media":0,"parent":0,"menu_order":0,"comment_status":"closed","ping_status":"closed","template":"","meta":{"footnotes":""},"class_list":["post-97","page","type-page","status-publish","hentry"],"_links":{"self":[{"href":"http:\/\/isik.ba\/prijava-za-osposobljavanje\/wp-json\/wp\/v2\/pages\/97","targetHints":{"allow":["GET"]}}],"collection":[{"href":"http:\/\/isik.ba\/prijava-za-osposobljavanje\/wp-json\/wp\/v2\/pages"}],"about":[{"href":"http:\/\/isik.ba\/prijava-za-osposobljavanje\/wp-json\/wp\/v2\/types\/page"}],"author":[{"embeddable":true,"href":"http:\/\/isik.ba\/prijava-za-osposobljavanje\/wp-json\/wp\/v2\/users\/1"}],"replies":[{"embeddable":true,"href":"http:\/\/isik.ba\/prijava-za-osposobljavanje\/wp-json\/wp\/v2\/comments?post=97"}],"version-history":[{"count":13,"href":"http:\/\/isik.ba\/prijava-za-osposobljavanje\/wp-json\/wp\/v2\/pages\/97\/revisions"}],"predecessor-version":[{"id":174,"href":"http:\/\/isik.ba\/prijava-za-osposobljavanje\/wp-json\/wp\/v2\/pages\/97\/revisions\/174"}],"wp:attachment":[{"href":"http:\/\/isik.ba\/prijava-za-osposobljavanje\/wp-json\/wp\/v2\/media?parent=97"}],"curies":[{"name":"wp","href":"https:\/\/api.w.org\/{rel}","templated":true}]}}